{"id":1659,"date":"2019-06-20T18:20:43","date_gmt":"2019-06-20T16:20:43","guid":{"rendered":"http:\/\/grandestauto.demo.izhak.fr\/?page_id=1659"},"modified":"2022-06-09T22:57:42","modified_gmt":"2022-06-09T20:57:42","slug":"demander-un-essai","status":"publish","type":"page","link":"https:\/\/grand-est-automobiles.fr\/audi-hoenheim\/demander-un-essai\/","title":{"rendered":"Demander un essai"},"content":{"rendered":"<h3><strong>La satisfaction clients\u00a0: notre priorit\u00e9.<\/strong><\/h3>\n<p>Confort, tenue de route, \u00e9quipements, performance&#8230; Profitez de la qualit\u00e9 et du service Grand Est Automobiles en testant diff\u00e9rents mod\u00e8les neufs ou d\u2019occasion avant de faire votre choix. Nos experts passionn\u00e9s se tiennent \u00e9galement \u00e0 votre disposition pour r\u00e9pondre \u00e0 toutes vos questions.<\/p>\n<p><img loading=\"lazy\" decoding=\"async\" class=\"alignnone wp-image-2200 size-full\" src=\"https:\/\/grand-est-automobiles.fr\/audi-hoenheim\/wp-content\/uploads\/sites\/8\/2019\/06\/stylish-and-elegant-woman-in-a-car-salon-f3r5pun-min.jpg\" alt=\"\" width=\"800\" height=\"533\" srcset=\"https:\/\/grand-est-automobiles.fr\/audi-hoenheim\/wp-content\/uploads\/sites\/8\/2019\/06\/stylish-and-elegant-woman-in-a-car-salon-f3r5pun-min.jpg 800w, https:\/\/grand-est-automobiles.fr\/audi-hoenheim\/wp-content\/uploads\/sites\/8\/2019\/06\/stylish-and-elegant-woman-in-a-car-salon-f3r5pun-min-300x200.jpg 300w, https:\/\/grand-est-automobiles.fr\/audi-hoenheim\/wp-content\/uploads\/sites\/8\/2019\/06\/stylish-and-elegant-woman-in-a-car-salon-f3r5pun-min-768x512.jpg 768w, https:\/\/grand-est-automobiles.fr\/audi-hoenheim\/wp-content\/uploads\/sites\/8\/2019\/06\/stylish-and-elegant-woman-in-a-car-salon-f3r5pun-min-500x333.jpg 500w\" sizes=\"auto, (max-width: 800px) 100vw, 800px\" \/><\/p>\n<h3>Nos services<\/h3>\n<ul class=\"list-services\">\n<li>Entretiens et r\u00e9parations<\/li>\n<li>Service apr\u00e8s-vente<\/li>\n<li>Essai de v\u00e9hicule<\/li>\n<li>Reprise<\/li>\n<li>Financement<\/li>\n<\/ul>\n","protected":false},"excerpt":{"rendered":"<p>La satisfaction clients\u00a0: notre priorit\u00e9. Confort, tenue de route, \u00e9quipements, performance&#8230; Profitez de la qualit\u00e9 et du service Grand Est<\/p>\n","protected":false},"author":1,"featured_media":1977,"parent":0,"menu_order":0,"comment_status":"closed","ping_status":"closed","template":"page-templates\/demander-essai.php","meta":{"_acf_changed":false,"inline_featured_image":false,"footnotes":""},"class_list":["post-1659","page","type-page","status-publish","has-post-thumbnail","hentry"],"yoast_head":"<!-- This site is optimized with the Yoast SEO plugin v27.4 - https:\/\/yoast.com\/product\/yoast-seo-wordpress\/ -->\n<title>Demander un essai - Audi Strasbourg Hoenheim - Grand Est Automobiles<\/title>\n<meta name=\"description\" content=\"Testez diff\u00e9rents mod\u00e8les de voitures neuves ou d\u2019occasion: Audi, Citroen, Cupra, Opel, Peugeot, Seat, Skoda, Volkswagen.\" \/>\n<meta name=\"robots\" content=\"noindex, follow, max-snippet:-1, max-image-preview:large, max-video-preview:-1\" \/>\n<meta property=\"og:locale\" content=\"fr_FR\" \/>\n<meta property=\"og:type\" content=\"article\" \/>\n<meta property=\"og:title\" content=\"Demander un essai - Audi Strasbourg Hoenheim - Grand Est Automobiles\" \/>\n<meta property=\"og:description\" content=\"Testez diff\u00e9rents mod\u00e8les de voitures neuves ou d\u2019occasion: Audi, Citroen, Cupra, Opel, Peugeot, Seat, Skoda, Volkswagen.\" \/>\n<meta property=\"og:url\" content=\"https:\/\/grand-est-automobiles.fr\/audi-hoenheim\/demander-un-essai\/\" \/>\n<meta property=\"og:site_name\" content=\"Audi Strasbourg Hoenheim - Grand Est Automobiles\" \/>\n<meta property=\"article:modified_time\" content=\"2022-06-09T20:57:42+00:00\" \/>\n<meta property=\"og:image\" content=\"https:\/\/grand-est-automobiles.fr\/audi-hoenheim\/wp-content\/uploads\/sites\/8\/2019\/06\/professional-salesperson-during-work-with-ypnb3mg-min.jpg\" \/>\n\t<meta property=\"og:image:width\" content=\"4957\" \/>\n\t<meta property=\"og:image:height\" content=\"3150\" \/>\n\t<meta property=\"og:image:type\" content=\"image\/jpeg\" \/>\n<meta name=\"twitter:card\" content=\"summary_large_image\" \/>\n<script type=\"application\/ld+json\" class=\"yoast-schema-graph\">{\"@context\":\"https:\\\/\\\/schema.org\",\"@graph\":[{\"@type\":\"WebPage\",\"@id\":\"https:\\\/\\\/grand-est-automobiles.fr\\\/audi-hoenheim\\\/demander-un-essai\\\/\",\"url\":\"https:\\\/\\\/grand-est-automobiles.fr\\\/audi-hoenheim\\\/demander-un-essai\\\/\",\"name\":\"Demander un essai - Audi Strasbourg Hoenheim - Grand Est Automobiles\",\"isPartOf\":{\"@id\":\"https:\\\/\\\/grand-est-automobiles.fr\\\/audi-hoenheim\\\/#website\"},\"primaryImageOfPage\":{\"@id\":\"https:\\\/\\\/grand-est-automobiles.fr\\\/audi-hoenheim\\\/demander-un-essai\\\/#primaryimage\"},\"image\":{\"@id\":\"https:\\\/\\\/grand-est-automobiles.fr\\\/audi-hoenheim\\\/demander-un-essai\\\/#primaryimage\"},\"thumbnailUrl\":\"https:\\\/\\\/grand-est-automobiles.fr\\\/audi-hoenheim\\\/wp-content\\\/uploads\\\/sites\\\/8\\\/2019\\\/06\\\/professional-salesperson-during-work-with-ypnb3mg-min.jpg\",\"datePublished\":\"2019-06-20T16:20:43+00:00\",\"dateModified\":\"2022-06-09T20:57:42+00:00\",\"description\":\"Testez diff\u00e9rents mod\u00e8les de voitures neuves ou d\u2019occasion: Audi, Citroen, Cupra, Opel, Peugeot, Seat, Skoda, Volkswagen.\",\"breadcrumb\":{\"@id\":\"https:\\\/\\\/grand-est-automobiles.fr\\\/audi-hoenheim\\\/demander-un-essai\\\/#breadcrumb\"},\"inLanguage\":\"fr-FR\",\"potentialAction\":[{\"@type\":\"ReadAction\",\"target\":[\"https:\\\/\\\/grand-est-automobiles.fr\\\/audi-hoenheim\\\/demander-un-essai\\\/\"]}]},{\"@type\":\"ImageObject\",\"inLanguage\":\"fr-FR\",\"@id\":\"https:\\\/\\\/grand-est-automobiles.fr\\\/audi-hoenheim\\\/demander-un-essai\\\/#primaryimage\",\"url\":\"https:\\\/\\\/grand-est-automobiles.fr\\\/audi-hoenheim\\\/wp-content\\\/uploads\\\/sites\\\/8\\\/2019\\\/06\\\/professional-salesperson-during-work-with-ypnb3mg-min.jpg\",\"contentUrl\":\"https:\\\/\\\/grand-est-automobiles.fr\\\/audi-hoenheim\\\/wp-content\\\/uploads\\\/sites\\\/8\\\/2019\\\/06\\\/professional-salesperson-during-work-with-ypnb3mg-min.jpg\",\"width\":4957,\"height\":3150},{\"@type\":\"BreadcrumbList\",\"@id\":\"https:\\\/\\\/grand-est-automobiles.fr\\\/audi-hoenheim\\\/demander-un-essai\\\/#breadcrumb\",\"itemListElement\":[{\"@type\":\"ListItem\",\"position\":1,\"name\":\"Accueil\",\"item\":\"https:\\\/\\\/grand-est-automobiles.fr\\\/audi-hoenheim\\\/\"},{\"@type\":\"ListItem\",\"position\":2,\"name\":\"Demander un essai\"}]},{\"@type\":\"WebSite\",\"@id\":\"https:\\\/\\\/grand-est-automobiles.fr\\\/audi-hoenheim\\\/#website\",\"url\":\"https:\\\/\\\/grand-est-automobiles.fr\\\/audi-hoenheim\\\/\",\"name\":\"Audi Strasbourg Hoenheim - Grand Est Automobiles\",\"description\":\"Concessionnaire AUDI \u00e0 Strasbourg Hoenheim - Grand Est Automobiles.\",\"potentialAction\":[{\"@type\":\"SearchAction\",\"target\":{\"@type\":\"EntryPoint\",\"urlTemplate\":\"https:\\\/\\\/grand-est-automobiles.fr\\\/audi-hoenheim\\\/?s={search_term_string}\"},\"query-input\":{\"@type\":\"PropertyValueSpecification\",\"valueRequired\":true,\"valueName\":\"search_term_string\"}}],\"inLanguage\":\"fr-FR\"}]}<\/script>\n<!-- \/ Yoast SEO plugin. -->","yoast_head_json":{"title":"Demander un essai - Audi Strasbourg Hoenheim - Grand Est Automobiles","description":"Testez diff\u00e9rents mod\u00e8les de voitures neuves ou d\u2019occasion: Audi, Citroen, Cupra, Opel, Peugeot, Seat, Skoda, Volkswagen.","robots":{"index":"noindex","follow":"follow","max-snippet":"max-snippet:-1","max-image-preview":"max-image-preview:large","max-video-preview":"max-video-preview:-1"},"og_locale":"fr_FR","og_type":"article","og_title":"Demander un essai - Audi Strasbourg Hoenheim - Grand Est Automobiles","og_description":"Testez diff\u00e9rents mod\u00e8les de voitures neuves ou d\u2019occasion: Audi, Citroen, Cupra, Opel, Peugeot, Seat, Skoda, Volkswagen.","og_url":"https:\/\/grand-est-automobiles.fr\/audi-hoenheim\/demander-un-essai\/","og_site_name":"Audi Strasbourg Hoenheim - Grand Est Automobiles","article_modified_time":"2022-06-09T20:57:42+00:00","og_image":[{"width":4957,"height":3150,"url":"https:\/\/grand-est-automobiles.fr\/audi-hoenheim\/wp-content\/uploads\/sites\/8\/2019\/06\/professional-salesperson-during-work-with-ypnb3mg-min.jpg","type":"image\/jpeg"}],"twitter_card":"summary_large_image","schema":{"@context":"https:\/\/schema.org","@graph":[{"@type":"WebPage","@id":"https:\/\/grand-est-automobiles.fr\/audi-hoenheim\/demander-un-essai\/","url":"https:\/\/grand-est-automobiles.fr\/audi-hoenheim\/demander-un-essai\/","name":"Demander un essai - Audi Strasbourg Hoenheim - Grand Est Automobiles","isPartOf":{"@id":"https:\/\/grand-est-automobiles.fr\/audi-hoenheim\/#website"},"primaryImageOfPage":{"@id":"https:\/\/grand-est-automobiles.fr\/audi-hoenheim\/demander-un-essai\/#primaryimage"},"image":{"@id":"https:\/\/grand-est-automobiles.fr\/audi-hoenheim\/demander-un-essai\/#primaryimage"},"thumbnailUrl":"https:\/\/grand-est-automobiles.fr\/audi-hoenheim\/wp-content\/uploads\/sites\/8\/2019\/06\/professional-salesperson-during-work-with-ypnb3mg-min.jpg","datePublished":"2019-06-20T16:20:43+00:00","dateModified":"2022-06-09T20:57:42+00:00","description":"Testez diff\u00e9rents mod\u00e8les de voitures neuves ou d\u2019occasion: Audi, Citroen, Cupra, Opel, Peugeot, Seat, Skoda, Volkswagen.","breadcrumb":{"@id":"https:\/\/grand-est-automobiles.fr\/audi-hoenheim\/demander-un-essai\/#breadcrumb"},"inLanguage":"fr-FR","potentialAction":[{"@type":"ReadAction","target":["https:\/\/grand-est-automobiles.fr\/audi-hoenheim\/demander-un-essai\/"]}]},{"@type":"ImageObject","inLanguage":"fr-FR","@id":"https:\/\/grand-est-automobiles.fr\/audi-hoenheim\/demander-un-essai\/#primaryimage","url":"https:\/\/grand-est-automobiles.fr\/audi-hoenheim\/wp-content\/uploads\/sites\/8\/2019\/06\/professional-salesperson-during-work-with-ypnb3mg-min.jpg","contentUrl":"https:\/\/grand-est-automobiles.fr\/audi-hoenheim\/wp-content\/uploads\/sites\/8\/2019\/06\/professional-salesperson-during-work-with-ypnb3mg-min.jpg","width":4957,"height":3150},{"@type":"BreadcrumbList","@id":"https:\/\/grand-est-automobiles.fr\/audi-hoenheim\/demander-un-essai\/#breadcrumb","itemListElement":[{"@type":"ListItem","position":1,"name":"Accueil","item":"https:\/\/grand-est-automobiles.fr\/audi-hoenheim\/"},{"@type":"ListItem","position":2,"name":"Demander un essai"}]},{"@type":"WebSite","@id":"https:\/\/grand-est-automobiles.fr\/audi-hoenheim\/#website","url":"https:\/\/grand-est-automobiles.fr\/audi-hoenheim\/","name":"Audi Strasbourg Hoenheim - Grand Est Automobiles","description":"Concessionnaire AUDI \u00e0 Strasbourg Hoenheim - Grand Est Automobiles.","potentialAction":[{"@type":"SearchAction","target":{"@type":"EntryPoint","urlTemplate":"https:\/\/grand-est-automobiles.fr\/audi-hoenheim\/?s={search_term_string}"},"query-input":{"@type":"PropertyValueSpecification","valueRequired":true,"valueName":"search_term_string"}}],"inLanguage":"fr-FR"}]}},"acf":[],"_links":{"self":[{"href":"https:\/\/grand-est-automobiles.fr\/audi-hoenheim\/wp-json\/wp\/v2\/pages\/1659","targetHints":{"allow":["GET"]}}],"collection":[{"href":"https:\/\/grand-est-automobiles.fr\/audi-hoenheim\/wp-json\/wp\/v2\/pages"}],"about":[{"href":"https:\/\/grand-est-automobiles.fr\/audi-hoenheim\/wp-json\/wp\/v2\/types\/page"}],"author":[{"embeddable":true,"href":"https:\/\/grand-est-automobiles.fr\/audi-hoenheim\/wp-json\/wp\/v2\/users\/1"}],"replies":[{"embeddable":true,"href":"https:\/\/grand-est-automobiles.fr\/audi-hoenheim\/wp-json\/wp\/v2\/comments?post=1659"}],"version-history":[{"count":14,"href":"https:\/\/grand-est-automobiles.fr\/audi-hoenheim\/wp-json\/wp\/v2\/pages\/1659\/revisions"}],"predecessor-version":[{"id":2729,"href":"https:\/\/grand-est-automobiles.fr\/audi-hoenheim\/wp-json\/wp\/v2\/pages\/1659\/revisions\/2729"}],"wp:featuredmedia":[{"embeddable":true,"href":"https:\/\/grand-est-automobiles.fr\/audi-hoenheim\/wp-json\/wp\/v2\/media\/1977"}],"wp:attachment":[{"href":"https:\/\/grand-est-automobiles.fr\/audi-hoenheim\/wp-json\/wp\/v2\/media?parent=1659"}],"curies":[{"name":"wp","href":"https:\/\/api.w.org\/{rel}","templated":true}]}}